{"id":166,"date":"2024-01-17T09:47:00","date_gmt":"2024-01-17T08:47:00","guid":{"rendered":"https:\/\/agriturismopaneevino.it\/?page_id=166"},"modified":"2025-05-16T14:27:57","modified_gmt":"2025-05-16T12:27:57","slug":"dintorni","status":"publish","type":"page","link":"https:\/\/agriturismopaneevino.it\/index.php\/dintorni\/","title":{"rendered":"Dintorni"},"content":{"rendered":"\n<div class=\"wp-block-group\"><div class=\"wp-block-group__inner-container is-layout-constrained wp-block-group-is-layout-constrained\">\n<h1 class=\"wp-block-heading has-text-align-center has-white-color has-light-green-cyan-background-color has-text-color has-background has-link-color wp-elements-d39ff77161f215d03b569246234aa1cc\">La tua vacanza &#8220;Slow&#8221; in Toscana<\/h1>\n\n\n\n<hr class=\"wp-block-separator has-alpha-channel-opacity\"\/>\n\n\n\n<h2 class=\"wp-block-heading has-text-align-center has-black-color has-text-color has-link-color has-medium-font-size wp-elements-f23b05e001d8346654d80b770de6e881\"><strong><span style=\"color: #000000;\" class=\"stk-highlight\">L&#8217;Agriturismo Pane e Vino vanta una posizione strategica dalla quale potrai raggiungere facilmente moltissimi punti di interesse<\/span><\/strong><\/h2>\n<\/div><\/div>\n\n\n\n<div class=\"wp-block-stackable-card stk-block-card stk-block stk-4fc61eb is-style-default-2\" data-v=\"2\" data-block-id=\"4fc61eb\"><div class=\"stk--no-padding stk-container stk-4fc61eb-container stk-hover-parent\"><figure class=\"stk-block-card__image stk-img-wrapper stk-image--shape-stretch\"><img loading=\"lazy\" decoding=\"async\" class=\"stk-img wp-image-142\" src=\"https:\/\/agriturismopaneevino.it\/wp-content\/uploads\/2023\/11\/parco-culturale-camaiano-toscana.jpg\" width=\"900\" height=\"633\" srcset=\"https:\/\/agriturismopaneevino.it\/wp-content\/uploads\/2023\/11\/parco-culturale-camaiano-toscana.jpg 900w, https:\/\/agriturismopaneevino.it\/wp-content\/uploads\/2023\/11\/parco-culturale-camaiano-toscana-300x211.jpg 300w, https:\/\/agriturismopaneevino.it\/wp-content\/uploads\/2023\/11\/parco-culturale-camaiano-toscana-768x540.jpg 768w\" sizes=\"auto, (max-width: 900px) 100vw, 900px\" \/><\/figure><div class=\"stk-container-padding stk-block-card__content\"><div class=\"stk-block-content stk-inner-blocks stk-4fc61eb-inner-blocks\">\n<div class=\"wp-block-stackable-heading stk-block-heading stk-block-heading--v2 stk-block stk-2837b15\" id=\"a-href-https-www-parcoculturaledicamaiano-toscana-it-target-blank-rel-noreferrer-noopener-il-parco-culturale-di-camaiano-a\" data-block-id=\"2837b15\"><style>.stk-2837b15 {margin-bottom:0px !important;}<\/style><h2 class=\"stk-block-heading__text has-text-align-center\"><a href=\"https:\/\/www.parcoculturaledicamaiano.toscana.it\/\" target=\"_blank\" rel=\"noreferrer noopener\">Il Parco Culturale di Camaiano<\/a><\/h2><\/div>\n\n\n\n<div class=\"wp-block-stackable-divider stk-block-divider has-text-align-center stk-block stk-5c473c2\" data-block-id=\"5c473c2\"><style>.stk-5c473c2 {margin-bottom:0px !important;}<\/style><hr class=\"stk-block-divider__hr\"\/><\/div>\n\n\n\n<div class=\"wp-block-stackable-text stk-block-text stk-block stk-d4ed756\" data-block-id=\"d4ed756\"><style>.stk-d4ed756 .stk-block-text__text{font-size:15px !important;}@media screen and (max-width: 1023px){.stk-d4ed756 .stk-block-text__text{font-size:15px !important;}}<\/style><p class=\"stk-block-text__text\">Il Parco Culturale di Camaiano si colloca nella parte nord del Comune di\u00a0<strong>Rosignano Marittimo<\/strong>\u00a0e comprende le tre frazioni collinari\u00a0<strong>Gabbro<\/strong>,\u00a0<strong>Castelnuovo della Misericordia<\/strong>\u00a0e\u00a0<strong>Nibbiaia<\/strong>.  Deve il suo nome all\u2019antica Pieve di Camaiano,\u00a0<strong>chiesa battesimale<\/strong>\u00a0che nel medioevo era preposta alla cura d\u2019anime di un vasto territorio che andava dalla Popogna a nord fino a Colli a sud, dove iniziava la pievania di Rosignano. Il grande edificio religioso, oggi scomparso, era situato nel cuore del Parco dove ha lasciato tracce evidenti sul territorio. <strong>La Strada del Mille<\/strong>\u00a0o sentiero 199, costituisce il fulcro della rete escursionisti nell\u2019area del Parco. Il tracciato si sovrappone ad un tratto della Via di Popogna, strada pubblica romana che dal Portus Pisanus, passando per Ardenza, Gabbro, Castelnuovo e Rosignano, arrivava al Porto di Vada Volterrana.<\/p><\/div>\n<\/div><\/div><\/div><\/div>\n\n\n\n<div class=\"wp-block-group\"><div class=\"wp-block-group__inner-container is-layout-constrained wp-block-group-is-layout-constrained\">\n<div class=\"wp-block-columns is-layout-flex wp-container-core-columns-is-layout-9d6595d7 wp-block-columns-is-layout-flex\">\n<div class=\"wp-block-column is-layout-flow wp-block-column-is-layout-flow\">\n<h2 class=\"wp-block-heading has-text-align-center\">Rosignano Marittimo<br>a 10 Km<\/h2>\n\n\n\n<figure class=\"wp-block-image size-full wp-container-content-0733e5d0\"><img loading=\"lazy\" decoding=\"async\" width=\"400\" height=\"300\" src=\"https:\/\/agriturismopaneevino.it\/wp-content\/uploads\/2023\/11\/rosignano_marittimo-vacanze-toscana.jpg\" alt=\"\" class=\"wp-image-150\" srcset=\"https:\/\/agriturismopaneevino.it\/wp-content\/uploads\/2023\/11\/rosignano_marittimo-vacanze-toscana.jpg 400w, https:\/\/agriturismopaneevino.it\/wp-content\/uploads\/2023\/11\/rosignano_marittimo-vacanze-toscana-300x225.jpg 300w\" sizes=\"auto, (max-width: 400px) 100vw, 400px\" \/><\/figure>\n\n\n\n<p>Borgo storico dal quale si gode una stupenda vista sulla costa da Livorno fino a Piombino. Da visitare il museo civico archeologico nel palazzo Bombardieri, all&#8217;interno della Rocca.<\/p>\n<\/div>\n\n\n\n<div class=\"wp-block-column is-layout-flow wp-block-column-is-layout-flow\">\n<h2 class=\"wp-block-heading has-text-align-center\">Castiglioncello<br>a 15 Km<\/h2>\n\n\n\n<figure class=\"wp-block-image size-full\" style=\"font-size:14px\"><img loading=\"lazy\" decoding=\"async\" width=\"400\" height=\"300\" src=\"https:\/\/agriturismopaneevino.it\/wp-content\/uploads\/2023\/11\/castiglioncello-vacanze-toscana.jpg\" alt=\"\" class=\"wp-image-128\" srcset=\"https:\/\/agriturismopaneevino.it\/wp-content\/uploads\/2023\/11\/castiglioncello-vacanze-toscana.jpg 400w, https:\/\/agriturismopaneevino.it\/wp-content\/uploads\/2023\/11\/castiglioncello-vacanze-toscana-300x225.jpg 300w\" sizes=\"auto, (max-width: 400px) 100vw, 400px\" \/><\/figure>\n\n\n\n<p>Rinomata localit\u00e0 turistica a lungo da scelta anche da celebrit\u00e0 come Alberto Sordi e Marcello Mastroianni. Set del noto film &#8220;Il Sorpasso&#8221; di Dino Risi.<\/p>\n<\/div>\n\n\n\n<div class=\"wp-block-column is-layout-flow wp-block-column-is-layout-flow\">\n<h2 class=\"wp-block-heading has-text-align-center\">San Gimignano<br>a 74 Km<\/h2>\n\n\n\n<figure class=\"wp-block-image size-full wp-container-content-0733e5d0\"><img loading=\"lazy\" decoding=\"async\" width=\"400\" height=\"300\" src=\"https:\/\/agriturismopaneevino.it\/wp-content\/uploads\/2023\/11\/san_gimignano-vacanze-toscana.jpg\" alt=\"\" class=\"wp-image-151\" srcset=\"https:\/\/agriturismopaneevino.it\/wp-content\/uploads\/2023\/11\/san_gimignano-vacanze-toscana.jpg 400w, https:\/\/agriturismopaneevino.it\/wp-content\/uploads\/2023\/11\/san_gimignano-vacanze-toscana-300x225.jpg 300w\" sizes=\"auto, (max-width: 400px) 100vw, 400px\" \/><\/figure>\n\n\n\n<p>Stupendo borgo medioevale dichiarato dall&#8217;UNESCO Patrimonio dell&#8217;umanit\u00e0.<\/p>\n<\/div>\n<\/div>\n\n\n\n<div class=\"wp-block-columns is-layout-flex wp-container-core-columns-is-layout-9d6595d7 wp-block-columns-is-layout-flex\">\n<div class=\"wp-block-column is-layout-flow wp-block-column-is-layout-flow\">\n<h2 class=\"wp-block-heading has-text-align-center\">Volterra<br>a 59 Km<\/h2>\n\n\n\n<figure class=\"wp-block-image size-full\" style=\"font-size:14px\"><img loading=\"lazy\" decoding=\"async\" width=\"400\" height=\"300\" src=\"https:\/\/agriturismopaneevino.it\/wp-content\/uploads\/2023\/11\/volterra-vacanze-toscana.jpg\" alt=\"\" class=\"wp-image-153\" srcset=\"https:\/\/agriturismopaneevino.it\/wp-content\/uploads\/2023\/11\/volterra-vacanze-toscana.jpg 400w, https:\/\/agriturismopaneevino.it\/wp-content\/uploads\/2023\/11\/volterra-vacanze-toscana-300x225.jpg 300w\" sizes=\"auto, (max-width: 400px) 100vw, 400px\" \/><\/figure>\n\n\n\n<p>Borgo storico dal quale si gode una stupenda vista sulla costa da Livorno fino a Piombino. Da visitare il museo civico archeologico nel palazzo Bombardieri, all&#8217;interno della Rocca.<\/p>\n<\/div>\n\n\n\n<div class=\"wp-block-column is-layout-flow wp-block-column-is-layout-flow\">\n<h2 class=\"wp-block-heading has-text-align-center\">Firenze<br>a 95 Km<\/h2>\n\n\n\n<figure class=\"wp-block-image size-full\"><img loading=\"lazy\" decoding=\"async\" width=\"400\" height=\"250\" src=\"https:\/\/agriturismopaneevino.it\/wp-content\/uploads\/2023\/11\/firenze-vacanze-toscana.jpg\" alt=\"\" class=\"wp-image-129\" style=\"aspect-ratio:4\/3;object-fit:cover\" srcset=\"https:\/\/agriturismopaneevino.it\/wp-content\/uploads\/2023\/11\/firenze-vacanze-toscana.jpg 400w, https:\/\/agriturismopaneevino.it\/wp-content\/uploads\/2023\/11\/firenze-vacanze-toscana-300x188.jpg 300w\" sizes=\"auto, (max-width: 400px) 100vw, 400px\" \/><\/figure>\n\n\n\n<p>E&#8217; un vero e proprio museo a cielo aperto ed \u00e8 stata la citt\u00e0 che diede i natali al&nbsp;Rinascimento.&nbsp;Importante centro culturale, commerciale, economico e finanziario nel Medioevo, Firenze \u00e8 Patrimonio dell\u2019Umanit\u00e0, UNESCO.<\/p>\n<\/div>\n\n\n\n<div class=\"wp-block-column is-layout-flow wp-block-column-is-layout-flow\">\n<h2 class=\"wp-block-heading has-text-align-center\">Pisa<br>a 35 Km<\/h2>\n\n\n\n<figure class=\"wp-block-image size-full\"><img loading=\"lazy\" decoding=\"async\" width=\"382\" height=\"240\" src=\"https:\/\/agriturismopaneevino.it\/wp-content\/uploads\/2025\/05\/pisa-vacanze-toscana-1.jpg\" alt=\"\" class=\"wp-image-802\" style=\"aspect-ratio:4\/3;object-fit:cover\" srcset=\"https:\/\/agriturismopaneevino.it\/wp-content\/uploads\/2025\/05\/pisa-vacanze-toscana-1.jpg 382w, https:\/\/agriturismopaneevino.it\/wp-content\/uploads\/2025\/05\/pisa-vacanze-toscana-1-300x188.jpg 300w\" sizes=\"auto, (max-width: 382px) 100vw, 382px\" \/><\/figure>\n\n\n\n<p>Antico porto romano e grande repubblica marinara,&nbsp;Pisa&nbsp;oggi non \u00e8 pi\u00f9 sul mare, ma il suo passato splendore \u00e8 ancora vivo nei suoi monumenti tra i quali la celeberrima Torre Pendente.<\/p>\n<\/div>\n<\/div>\n\n\n\n<div class=\"wp-block-columns is-layout-flex wp-container-core-columns-is-layout-9d6595d7 wp-block-columns-is-layout-flex\">\n<div class=\"wp-block-column is-layout-flow wp-block-column-is-layout-flow\">\n<h2 class=\"wp-block-heading has-text-align-center\">Siena<br>a 111 Km<\/h2>\n\n\n\n<figure class=\"wp-block-image size-full\"><img loading=\"lazy\" decoding=\"async\" width=\"382\" height=\"240\" src=\"https:\/\/agriturismopaneevino.it\/wp-content\/uploads\/2023\/11\/siena-vacanze-toscana.jpg\" alt=\"\" class=\"wp-image-152\" style=\"aspect-ratio:4\/3;object-fit:cover\" srcset=\"https:\/\/agriturismopaneevino.it\/wp-content\/uploads\/2023\/11\/siena-vacanze-toscana.jpg 382w, https:\/\/agriturismopaneevino.it\/wp-content\/uploads\/2023\/11\/siena-vacanze-toscana-300x188.jpg 300w\" sizes=\"auto, (max-width: 382px) 100vw, 382px\" \/><\/figure>\n\n\n\n<p>Una citt\u00e0 dal sapore medievale, conosciuta in tutto il mondo grazie al suo patrimonio storico, artistico, paesaggistico ed il suo Palio.<\/p>\n<\/div>\n\n\n\n<div class=\"wp-block-column is-layout-flow wp-block-column-is-layout-flow\">\n<h2 class=\"wp-block-heading has-text-align-center\">Lucca<br>a 55 Km<\/h2>\n\n\n\n<figure class=\"wp-block-image size-full\"><img loading=\"lazy\" decoding=\"async\" width=\"400\" height=\"300\" src=\"https:\/\/agriturismopaneevino.it\/wp-content\/uploads\/2023\/11\/lucca-vacanze-toscana.jpg\" alt=\"\" class=\"wp-image-135\" style=\"aspect-ratio:4\/3;object-fit:cover\" srcset=\"https:\/\/agriturismopaneevino.it\/wp-content\/uploads\/2023\/11\/lucca-vacanze-toscana.jpg 400w, https:\/\/agriturismopaneevino.it\/wp-content\/uploads\/2023\/11\/lucca-vacanze-toscana-300x225.jpg 300w\" sizes=\"auto, (max-width: 400px) 100vw, 400px\" \/><\/figure>\n\n\n\n<p>Famosa soprattutto per l&#8217;intatta cinta muraria cinquecentesca, \u00e8 una notevole citt\u00e0 d&#8217;arte d&#8217;Italia. Ufficialmente di origini romane Lucca mantenne la sua autonomia come Stato indipendente per parecchi secoli fino al 1799.<\/p>\n<\/div>\n\n\n\n<div class=\"wp-block-column is-layout-flow wp-block-column-is-layout-flow\">\n<h2 class=\"wp-block-heading has-text-align-center\">Bolgheri\/Castagneto Carducci 37 Km<\/h2>\n\n\n\n<figure class=\"wp-block-image size-full\"><img loading=\"lazy\" decoding=\"async\" width=\"400\" height=\"300\" src=\"https:\/\/agriturismopaneevino.it\/wp-content\/uploads\/2023\/11\/bolgheri-vacanze-toscana.jpg\" alt=\"\" class=\"wp-image-127\" style=\"aspect-ratio:4\/3;object-fit:cover\" srcset=\"https:\/\/agriturismopaneevino.it\/wp-content\/uploads\/2023\/11\/bolgheri-vacanze-toscana.jpg 400w, https:\/\/agriturismopaneevino.it\/wp-content\/uploads\/2023\/11\/bolgheri-vacanze-toscana-300x225.jpg 300w\" sizes=\"auto, (max-width: 400px) 100vw, 400px\" \/><\/figure>\n\n\n\n<p>Lungo la costa troverete il celebre viale con i cipressi che conduce ad un meraviglioso borgo e nelle vicinanze anche Castagneto Carducci, citt\u00e0 natale del&#8217;omonimo poeta.<\/p>\n<\/div>\n<\/div>\n<\/div><\/div>\n","protected":false},"excerpt":{"rendered":"<p>La tua vacanza &#8220;Slow&#8221; in Toscana L&#8217;Agriturismo Pane e Vino vanta una posizione strategica dalla &#8230; <\/p>\n<div class=\"text-center\"><a class=\"theme-btn\" href=\"https:\/\/agriturismopaneevino.it\/index.php\/dintorni\/\">Read More<\/a><\/div>\n","protected":false},"author":1,"featured_media":0,"parent":0,"menu_order":0,"comment_status":"closed","ping_status":"closed","template":"","meta":{"_monsterinsights_skip_tracking":false,"_monsterinsights_sitenote_active":false,"_monsterinsights_sitenote_note":"","_monsterinsights_sitenote_category":0,"ngg_post_thumbnail":0,"footnotes":""},"class_list":["post-166","page","type-page","status-publish","hentry"],"_links":{"self":[{"href":"https:\/\/agriturismopaneevino.it\/index.php\/wp-json\/wp\/v2\/pages\/166","targetHints":{"allow":["GET"]}}],"collection":[{"href":"https:\/\/agriturismopaneevino.it\/index.php\/wp-json\/wp\/v2\/pages"}],"about":[{"href":"https:\/\/agriturismopaneevino.it\/index.php\/wp-json\/wp\/v2\/types\/page"}],"author":[{"embeddable":true,"href":"https:\/\/agriturismopaneevino.it\/index.php\/wp-json\/wp\/v2\/users\/1"}],"replies":[{"embeddable":true,"href":"https:\/\/agriturismopaneevino.it\/index.php\/wp-json\/wp\/v2\/comments?post=166"}],"version-history":[{"count":0,"href":"https:\/\/agriturismopaneevino.it\/index.php\/wp-json\/wp\/v2\/pages\/166\/revisions"}],"wp:attachment":[{"href":"https:\/\/agriturismopaneevino.it\/index.php\/wp-json\/wp\/v2\/media?parent=166"}],"curies":[{"name":"wp","href":"https:\/\/api.w.org\/{rel}","templated":true}]}}