{"id":165,"date":"2024-01-17T09:47:00","date_gmt":"2024-01-17T08:47:00","guid":{"rendered":"https:\/\/agriturismopaneevino.it\/?page_id=165"},"modified":"2025-05-16T14:30:03","modified_gmt":"2025-05-16T12:30:03","slug":"olio","status":"publish","type":"page","link":"https:\/\/agriturismopaneevino.it\/index.php\/olio\/","title":{"rendered":"Il nostro Olio"},"content":{"rendered":"\n<p class=\"has-text-align-center\">Il territorio dove si trova l\u2019Agriturismo Pane e Vino \u00e8 luogo ideale per la coltivazione di olivi che ne disegnano anche il tipico paesaggio.<\/p>\n\n\n\n<p class=\"has-text-align-center\">In azienda viene prodotto\u00a0<strong>Olio Extravergine di Oliva<\/strong>\u00a0che gli ospiti\u00a0<strong>possono degustare<\/strong>. <\/p>\n\n\n\n<div class=\"wp-block-stackable-divider stk-block-divider stk-block stk-afbea3b\" data-block-id=\"afbea3b\"><hr class=\"stk-block-divider__hr\"\/><\/div>\n\n\n\n<p class=\"has-text-align-center has-small-font-size\">Dalle circa 2300 piante di ulivo ne produciamo un <strong><span style=\"color: #00d084;\" class=\"stk-highlight\">eccellente olio biologico<\/span><\/strong> che potrete degustare e comprare direttamente in struttura. Il nostro olio ha delle ottime qualit\u00e0 organolettiche con una acidit\u00e0 dello<strong><span style=\"color: #00d084;\" class=\"stk-highlight\"> 0,02%<\/span><\/strong> che lo rende delicato e corposo allo stesso tempo.<\/p>\n\n\n\n<p class=\"has-text-align-center has-small-font-size\">Le variet\u00e0 di piante che coltiviamo sono <strong>LECCINO<\/strong>, <strong>MORAIOLO <\/strong>e <strong>FRANTOIO<\/strong>, tutte variet\u00e0 native della Toscana, in misura mista per garantire un risultato ottimale sia in termini di resa che di qualit\u00e0 dell&#8217;olio. Le olive vengono raccolte al giusto grado di maturazione e portate al pi\u00f9 vicino frantoio entro 3 giorni dalla raccolta.<\/p>\n\n\n\n<p class=\"has-text-align-center has-small-font-size\">Da met\u00e0 ottobre a met\u00e0 novembre, in base al tempo e lo stato di maturazione delle olive, le giornate sono tutte incentrate sulla raccolta delle olive che avviene tutta a mano con l&#8217;ausilio di pochi e semplici strumenti! A fine giornata si contano le casse raccolte e si pianifica il giorno seguente. E&#8217; sicuramente un importante momento per tutta la famiglia e la comunit\u00e0 stretta a cui si partecipa con entusiasmo! <\/p>\n\n\n\n<figure class=\"wp-block-gallery has-nested-images columns-default is-cropped wp-block-gallery-1 is-layout-flex wp-block-gallery-is-layout-flex\">\n<figure class=\"wp-block-image size-large\"><img loading=\"lazy\" decoding=\"async\" width=\"768\" height=\"1024\" data-id=\"611\" src=\"https:\/\/agriturismopaneevino.it\/wp-content\/uploads\/2025\/05\/Foto-06-11-24-11-01-08-768x1024.jpg\" alt=\"\" class=\"wp-image-611\" srcset=\"https:\/\/agriturismopaneevino.it\/wp-content\/uploads\/2025\/05\/Foto-06-11-24-11-01-08-768x1024.jpg 768w, https:\/\/agriturismopaneevino.it\/wp-content\/uploads\/2025\/05\/Foto-06-11-24-11-01-08-225x300.jpg 225w, https:\/\/agriturismopaneevino.it\/wp-content\/uploads\/2025\/05\/Foto-06-11-24-11-01-08-1152x1536.jpg 1152w, https:\/\/agriturismopaneevino.it\/wp-content\/uploads\/2025\/05\/Foto-06-11-24-11-01-08-1536x2048.jpg 1536w, https:\/\/agriturismopaneevino.it\/wp-content\/uploads\/2025\/05\/Foto-06-11-24-11-01-08-scaled.jpg 1920w\" sizes=\"auto, (max-width: 768px) 100vw, 768px\" \/><\/figure>\n\n\n\n<figure class=\"wp-block-image size-large\"><img loading=\"lazy\" decoding=\"async\" width=\"768\" height=\"1024\" data-id=\"612\" src=\"https:\/\/agriturismopaneevino.it\/wp-content\/uploads\/2025\/05\/Foto-07-11-24-13-15-37-768x1024.jpg\" alt=\"\" class=\"wp-image-612\" srcset=\"https:\/\/agriturismopaneevino.it\/wp-content\/uploads\/2025\/05\/Foto-07-11-24-13-15-37-768x1024.jpg 768w, https:\/\/agriturismopaneevino.it\/wp-content\/uploads\/2025\/05\/Foto-07-11-24-13-15-37-225x300.jpg 225w, https:\/\/agriturismopaneevino.it\/wp-content\/uploads\/2025\/05\/Foto-07-11-24-13-15-37-1152x1536.jpg 1152w, https:\/\/agriturismopaneevino.it\/wp-content\/uploads\/2025\/05\/Foto-07-11-24-13-15-37-1536x2048.jpg 1536w, https:\/\/agriturismopaneevino.it\/wp-content\/uploads\/2025\/05\/Foto-07-11-24-13-15-37-scaled.jpg 1920w\" sizes=\"auto, (max-width: 768px) 100vw, 768px\" \/><\/figure>\n\n\n\n<figure class=\"wp-block-image size-large\"><img loading=\"lazy\" decoding=\"async\" width=\"1024\" height=\"768\" data-id=\"608\" src=\"https:\/\/agriturismopaneevino.it\/wp-content\/uploads\/2025\/05\/Foto-10-11-24-16-11-33-1024x768.jpg\" alt=\"\" class=\"wp-image-608\" srcset=\"https:\/\/agriturismopaneevino.it\/wp-content\/uploads\/2025\/05\/Foto-10-11-24-16-11-33-1024x768.jpg 1024w, https:\/\/agriturismopaneevino.it\/wp-content\/uploads\/2025\/05\/Foto-10-11-24-16-11-33-300x225.jpg 300w, https:\/\/agriturismopaneevino.it\/wp-content\/uploads\/2025\/05\/Foto-10-11-24-16-11-33-768x576.jpg 768w, https:\/\/agriturismopaneevino.it\/wp-content\/uploads\/2025\/05\/Foto-10-11-24-16-11-33-1536x1152.jpg 1536w, https:\/\/agriturismopaneevino.it\/wp-content\/uploads\/2025\/05\/Foto-10-11-24-16-11-33-2048x1536.jpg 2048w\" sizes=\"auto, (max-width: 1024px) 100vw, 1024px\" \/><\/figure>\n\n\n\n<figure class=\"wp-block-image size-large\"><img loading=\"lazy\" decoding=\"async\" width=\"768\" height=\"1024\" data-id=\"605\" src=\"https:\/\/agriturismopaneevino.it\/wp-content\/uploads\/2025\/05\/Foto-12-10-24-16-59-44-768x1024.jpg\" alt=\"\" class=\"wp-image-605\" srcset=\"https:\/\/agriturismopaneevino.it\/wp-content\/uploads\/2025\/05\/Foto-12-10-24-16-59-44-768x1024.jpg 768w, https:\/\/agriturismopaneevino.it\/wp-content\/uploads\/2025\/05\/Foto-12-10-24-16-59-44-225x300.jpg 225w, https:\/\/agriturismopaneevino.it\/wp-content\/uploads\/2025\/05\/Foto-12-10-24-16-59-44-1152x1536.jpg 1152w, https:\/\/agriturismopaneevino.it\/wp-content\/uploads\/2025\/05\/Foto-12-10-24-16-59-44.jpg 1200w\" sizes=\"auto, (max-width: 768px) 100vw, 768px\" \/><\/figure>\n\n\n\n<figure class=\"wp-block-image size-large\"><img loading=\"lazy\" decoding=\"async\" width=\"768\" height=\"1024\" data-id=\"610\" src=\"https:\/\/agriturismopaneevino.it\/wp-content\/uploads\/2025\/05\/Foto-13-10-24-10-17-40-768x1024.jpg\" alt=\"\" class=\"wp-image-610\" srcset=\"https:\/\/agriturismopaneevino.it\/wp-content\/uploads\/2025\/05\/Foto-13-10-24-10-17-40-768x1024.jpg 768w, https:\/\/agriturismopaneevino.it\/wp-content\/uploads\/2025\/05\/Foto-13-10-24-10-17-40-225x300.jpg 225w, https:\/\/agriturismopaneevino.it\/wp-content\/uploads\/2025\/05\/Foto-13-10-24-10-17-40-1152x1536.jpg 1152w, https:\/\/agriturismopaneevino.it\/wp-content\/uploads\/2025\/05\/Foto-13-10-24-10-17-40-1536x2048.jpg 1536w, https:\/\/agriturismopaneevino.it\/wp-content\/uploads\/2025\/05\/Foto-13-10-24-10-17-40-scaled.jpg 1920w\" sizes=\"auto, (max-width: 768px) 100vw, 768px\" \/><\/figure>\n\n\n\n<figure class=\"wp-block-image size-large\"><img loading=\"lazy\" decoding=\"async\" width=\"768\" height=\"1024\" data-id=\"607\" src=\"https:\/\/agriturismopaneevino.it\/wp-content\/uploads\/2025\/05\/Foto-13-10-24-10-17-48-768x1024.jpg\" alt=\"\" class=\"wp-image-607\" srcset=\"https:\/\/agriturismopaneevino.it\/wp-content\/uploads\/2025\/05\/Foto-13-10-24-10-17-48-768x1024.jpg 768w, https:\/\/agriturismopaneevino.it\/wp-content\/uploads\/2025\/05\/Foto-13-10-24-10-17-48-225x300.jpg 225w, https:\/\/agriturismopaneevino.it\/wp-content\/uploads\/2025\/05\/Foto-13-10-24-10-17-48-1152x1536.jpg 1152w, https:\/\/agriturismopaneevino.it\/wp-content\/uploads\/2025\/05\/Foto-13-10-24-10-17-48-1536x2048.jpg 1536w, https:\/\/agriturismopaneevino.it\/wp-content\/uploads\/2025\/05\/Foto-13-10-24-10-17-48-scaled.jpg 1920w\" sizes=\"auto, (max-width: 768px) 100vw, 768px\" \/><\/figure>\n\n\n\n<figure class=\"wp-block-image size-large\"><img loading=\"lazy\" decoding=\"async\" width=\"768\" height=\"1024\" data-id=\"606\" src=\"https:\/\/agriturismopaneevino.it\/wp-content\/uploads\/2025\/05\/Foto-13-10-24-17-31-40-768x1024.jpg\" alt=\"\" class=\"wp-image-606\" srcset=\"https:\/\/agriturismopaneevino.it\/wp-content\/uploads\/2025\/05\/Foto-13-10-24-17-31-40-768x1024.jpg 768w, https:\/\/agriturismopaneevino.it\/wp-content\/uploads\/2025\/05\/Foto-13-10-24-17-31-40-225x300.jpg 225w, https:\/\/agriturismopaneevino.it\/wp-content\/uploads\/2025\/05\/Foto-13-10-24-17-31-40-1152x1536.jpg 1152w, https:\/\/agriturismopaneevino.it\/wp-content\/uploads\/2025\/05\/Foto-13-10-24-17-31-40-1536x2048.jpg 1536w, https:\/\/agriturismopaneevino.it\/wp-content\/uploads\/2025\/05\/Foto-13-10-24-17-31-40-scaled.jpg 1920w\" sizes=\"auto, (max-width: 768px) 100vw, 768px\" \/><\/figure>\n\n\n\n<figure class=\"wp-block-image size-large\"><img loading=\"lazy\" decoding=\"async\" width=\"768\" height=\"1024\" data-id=\"615\" src=\"https:\/\/agriturismopaneevino.it\/wp-content\/uploads\/2025\/05\/Foto-11-10-24-09-46-34-768x1024.jpg\" alt=\"\" class=\"wp-image-615\" srcset=\"https:\/\/agriturismopaneevino.it\/wp-content\/uploads\/2025\/05\/Foto-11-10-24-09-46-34-768x1024.jpg 768w, https:\/\/agriturismopaneevino.it\/wp-content\/uploads\/2025\/05\/Foto-11-10-24-09-46-34-225x300.jpg 225w, https:\/\/agriturismopaneevino.it\/wp-content\/uploads\/2025\/05\/Foto-11-10-24-09-46-34-1152x1536.jpg 1152w, https:\/\/agriturismopaneevino.it\/wp-content\/uploads\/2025\/05\/Foto-11-10-24-09-46-34-1536x2048.jpg 1536w, https:\/\/agriturismopaneevino.it\/wp-content\/uploads\/2025\/05\/Foto-11-10-24-09-46-34-scaled.jpg 1920w\" sizes=\"auto, (max-width: 768px) 100vw, 768px\" \/><\/figure>\n\n\n\n<figure class=\"wp-block-image size-large\"><img loading=\"lazy\" decoding=\"async\" width=\"1024\" height=\"768\" data-id=\"613\" src=\"https:\/\/agriturismopaneevino.it\/wp-content\/uploads\/2025\/05\/Foto-11-10-24-10-10-30-1024x768.jpg\" alt=\"\" class=\"wp-image-613\" srcset=\"https:\/\/agriturismopaneevino.it\/wp-content\/uploads\/2025\/05\/Foto-11-10-24-10-10-30-1024x768.jpg 1024w, https:\/\/agriturismopaneevino.it\/wp-content\/uploads\/2025\/05\/Foto-11-10-24-10-10-30-300x225.jpg 300w, https:\/\/agriturismopaneevino.it\/wp-content\/uploads\/2025\/05\/Foto-11-10-24-10-10-30-768x576.jpg 768w, https:\/\/agriturismopaneevino.it\/wp-content\/uploads\/2025\/05\/Foto-11-10-24-10-10-30-1536x1152.jpg 1536w, https:\/\/agriturismopaneevino.it\/wp-content\/uploads\/2025\/05\/Foto-11-10-24-10-10-30-2048x1536.jpg 2048w\" sizes=\"auto, (max-width: 1024px) 100vw, 1024px\" \/><\/figure>\n\n\n\n<figure class=\"wp-block-image size-large\"><img loading=\"lazy\" decoding=\"async\" width=\"768\" height=\"1024\" data-id=\"617\" src=\"https:\/\/agriturismopaneevino.it\/wp-content\/uploads\/2025\/05\/Foto-11-10-24-11-13-39-768x1024.jpg\" alt=\"\" class=\"wp-image-617\" srcset=\"https:\/\/agriturismopaneevino.it\/wp-content\/uploads\/2025\/05\/Foto-11-10-24-11-13-39-768x1024.jpg 768w, https:\/\/agriturismopaneevino.it\/wp-content\/uploads\/2025\/05\/Foto-11-10-24-11-13-39-225x300.jpg 225w, https:\/\/agriturismopaneevino.it\/wp-content\/uploads\/2025\/05\/Foto-11-10-24-11-13-39-1152x1536.jpg 1152w, https:\/\/agriturismopaneevino.it\/wp-content\/uploads\/2025\/05\/Foto-11-10-24-11-13-39-1536x2048.jpg 1536w, https:\/\/agriturismopaneevino.it\/wp-content\/uploads\/2025\/05\/Foto-11-10-24-11-13-39-scaled.jpg 1920w\" sizes=\"auto, (max-width: 768px) 100vw, 768px\" \/><\/figure>\n\n\n\n<figure class=\"wp-block-image size-large\"><img loading=\"lazy\" decoding=\"async\" width=\"1024\" height=\"768\" data-id=\"616\" src=\"https:\/\/agriturismopaneevino.it\/wp-content\/uploads\/2025\/05\/Foto-11-10-24-14-15-12-1024x768.jpg\" alt=\"\" class=\"wp-image-616\" srcset=\"https:\/\/agriturismopaneevino.it\/wp-content\/uploads\/2025\/05\/Foto-11-10-24-14-15-12-1024x768.jpg 1024w, https:\/\/agriturismopaneevino.it\/wp-content\/uploads\/2025\/05\/Foto-11-10-24-14-15-12-300x225.jpg 300w, https:\/\/agriturismopaneevino.it\/wp-content\/uploads\/2025\/05\/Foto-11-10-24-14-15-12-768x576.jpg 768w, https:\/\/agriturismopaneevino.it\/wp-content\/uploads\/2025\/05\/Foto-11-10-24-14-15-12-1536x1152.jpg 1536w, https:\/\/agriturismopaneevino.it\/wp-content\/uploads\/2025\/05\/Foto-11-10-24-14-15-12-2048x1536.jpg 2048w\" sizes=\"auto, (max-width: 1024px) 100vw, 1024px\" \/><\/figure>\n\n\n\n<figure class=\"wp-block-image size-large\"><img loading=\"lazy\" decoding=\"async\" width=\"768\" height=\"1024\" data-id=\"614\" src=\"https:\/\/agriturismopaneevino.it\/wp-content\/uploads\/2025\/05\/Foto-12-10-24-11-11-13-768x1024.jpg\" alt=\"\" class=\"wp-image-614\" srcset=\"https:\/\/agriturismopaneevino.it\/wp-content\/uploads\/2025\/05\/Foto-12-10-24-11-11-13-768x1024.jpg 768w, https:\/\/agriturismopaneevino.it\/wp-content\/uploads\/2025\/05\/Foto-12-10-24-11-11-13-225x300.jpg 225w, https:\/\/agriturismopaneevino.it\/wp-content\/uploads\/2025\/05\/Foto-12-10-24-11-11-13-1152x1536.jpg 1152w, https:\/\/agriturismopaneevino.it\/wp-content\/uploads\/2025\/05\/Foto-12-10-24-11-11-13-1536x2048.jpg 1536w, https:\/\/agriturismopaneevino.it\/wp-content\/uploads\/2025\/05\/Foto-12-10-24-11-11-13-scaled.jpg 1920w\" sizes=\"auto, (max-width: 768px) 100vw, 768px\" \/><\/figure>\n\n\n\n<figure class=\"wp-block-image size-large\"><img loading=\"lazy\" decoding=\"async\" width=\"768\" height=\"1024\" data-id=\"618\" src=\"https:\/\/agriturismopaneevino.it\/wp-content\/uploads\/2025\/05\/Foto-31-10-24-20-51-55-768x1024.jpg\" alt=\"\" class=\"wp-image-618\" srcset=\"https:\/\/agriturismopaneevino.it\/wp-content\/uploads\/2025\/05\/Foto-31-10-24-20-51-55-768x1024.jpg 768w, https:\/\/agriturismopaneevino.it\/wp-content\/uploads\/2025\/05\/Foto-31-10-24-20-51-55-225x300.jpg 225w, https:\/\/agriturismopaneevino.it\/wp-content\/uploads\/2025\/05\/Foto-31-10-24-20-51-55-1152x1536.jpg 1152w, https:\/\/agriturismopaneevino.it\/wp-content\/uploads\/2025\/05\/Foto-31-10-24-20-51-55-1536x2048.jpg 1536w, https:\/\/agriturismopaneevino.it\/wp-content\/uploads\/2025\/05\/Foto-31-10-24-20-51-55-scaled.jpg 1920w\" sizes=\"auto, (max-width: 768px) 100vw, 768px\" \/><\/figure>\n<\/figure>\n\n\n\n<div class=\"wp-block-getwid-section alignfull alignfull getwid-section-content-custom-width\"><div class=\"wp-block-getwid-section__wrapper getwid-padding-top-large getwid-padding-bottom-large getwid-padding-left-large getwid-padding-right-large\" style=\"min-height:90vh\"><div class=\"wp-block-getwid-section__inner-wrapper\" style=\"max-width:1140px\"><div class=\"wp-block-getwid-section__background-holder\"><div class=\"wp-block-getwid-section__background\" style=\"background-image:url('https:\/\/agriturismopaneevino.it\/wp-content\/uploads\/2024\/02\/agriturismo-natura-toscana-1.jpg')\"><div class=\"wp-block-getwid-section__background-image-wrapper\"><img decoding=\"async\" class=\"wp-block-getwid-section__background-image\" src=\"https:\/\/agriturismopaneevino.it\/wp-content\/uploads\/2024\/02\/agriturismo-natura-toscana-1.jpg\" alt=\"\"\/><\/div><\/div><div class=\"wp-block-getwid-section__foreground\" style=\"opacity:0.5;background-color:#000000\"><\/div><\/div><div class=\"wp-block-getwid-section__content\"><div class=\"wp-block-getwid-section__inner-content\">\n<div class=\"wp-block-getwid-advanced-heading\" style=\"margin-bottom:0px;margin-top:0px\"><span class=\"wp-block-getwid-advanced-heading__content has-text-color\" style=\"text-align:center;margin-left:-14px;margin-right:-10px;color:#ffffff\">vieni a scoprire<\/span><\/div>\n\n\n\n<div class=\"wp-block-getwid-advanced-heading\" style=\"margin-bottom:60px;margin-top:10px\"><h2 class=\"wp-block-getwid-advanced-heading__content has-text-color\" style=\"text-align:center;color:#ffffff\">il nostro un olio autentico<\/h2><\/div>\n\n\n\n<div class=\"wp-block-getwid-images-slider has-cropped-images has-arrows-outside has-dots-outside is-carousel has-slides-gap-large has-images-center has-cropped-images\"><div class=\"wp-block-getwid-images-slider__wrapper\" data-effect=\"slide\" data-slides-show=\"3\" data-slides-show-laptop=\"2\" data-slides-show-tablet=\"1\" data-slides-show-mobile=\"1\" data-slides-scroll=\"1\" data-autoplay=\"true\" data-pause-hover=\"false\" data-autoplay-speed=\"6000\" data-infinite=\"true\" data-animation-speed=\"800\" data-center-mode=\"false\" data-variable-width=\"false\" data-arrows=\"outside\" data-dots=\"outside\" data-spacing=\"large\"><div class=\"wp-block-getwid-images-slider__item\"><figure><img loading=\"lazy\" decoding=\"async\" width=\"480\" height=\"480\" src=\"https:\/\/agriturismopaneevino.it\/wp-content\/uploads\/2023\/11\/olio-extravergine-oliva-vendita.jpg\" data-id=\"140\" data-link=\"https:\/\/agriturismopaneevino.it\/olio-extravergine-oliva-vendita\/\" data-original-link=\"https:\/\/agriturismopaneevino.it\/wp-content\/uploads\/2023\/11\/olio-extravergine-oliva-vendita.jpg\" class=\"wp-block-getwid-images-slider__image wp-image-140\" srcset=\"https:\/\/agriturismopaneevino.it\/wp-content\/uploads\/2023\/11\/olio-extravergine-oliva-vendita.jpg 480w, https:\/\/agriturismopaneevino.it\/wp-content\/uploads\/2023\/11\/olio-extravergine-oliva-vendita-300x300.jpg 300w, https:\/\/agriturismopaneevino.it\/wp-content\/uploads\/2023\/11\/olio-extravergine-oliva-vendita-150x150.jpg 150w\" sizes=\"auto, (max-width: 480px) 100vw, 480px\" \/><\/figure><\/div><div class=\"wp-block-getwid-images-slider__item\"><figure><img loading=\"lazy\" decoding=\"async\" width=\"400\" height=\"400\" src=\"https:\/\/agriturismopaneevino.it\/wp-content\/uploads\/2023\/11\/olio-extravergine-bio-1.jpg\" data-id=\"139\" data-link=\"https:\/\/agriturismopaneevino.it\/olio-extravergine-bio-1\/\" data-original-link=\"https:\/\/agriturismopaneevino.it\/wp-content\/uploads\/2023\/11\/olio-extravergine-bio-1.jpg\" class=\"wp-block-getwid-images-slider__image wp-image-139\" srcset=\"https:\/\/agriturismopaneevino.it\/wp-content\/uploads\/2023\/11\/olio-extravergine-bio-1.jpg 400w, https:\/\/agriturismopaneevino.it\/wp-content\/uploads\/2023\/11\/olio-extravergine-bio-1-300x300.jpg 300w, https:\/\/agriturismopaneevino.it\/wp-content\/uploads\/2023\/11\/olio-extravergine-bio-1-150x150.jpg 150w\" sizes=\"auto, (max-width: 400px) 100vw, 400px\" \/><\/figure><\/div><div class=\"wp-block-getwid-images-slider__item\"><figure><img loading=\"lazy\" decoding=\"async\" width=\"2560\" height=\"1920\" src=\"https:\/\/agriturismopaneevino.it\/wp-content\/uploads\/2025\/04\/IMG_E8927-scaled.jpg\" data-id=\"502\" data-link=\"https:\/\/agriturismopaneevino.it\/index.php\/olio\/img_e8927\/\" data-original-link=\"https:\/\/agriturismopaneevino.it\/wp-content\/uploads\/2025\/04\/IMG_E8927-scaled.jpg\" class=\"wp-block-getwid-images-slider__image wp-image-502\" srcset=\"https:\/\/agriturismopaneevino.it\/wp-content\/uploads\/2025\/04\/IMG_E8927-scaled.jpg 2560w, https:\/\/agriturismopaneevino.it\/wp-content\/uploads\/2025\/04\/IMG_E8927-300x225.jpg 300w, https:\/\/agriturismopaneevino.it\/wp-content\/uploads\/2025\/04\/IMG_E8927-1024x768.jpg 1024w, https:\/\/agriturismopaneevino.it\/wp-content\/uploads\/2025\/04\/IMG_E8927-768x576.jpg 768w, https:\/\/agriturismopaneevino.it\/wp-content\/uploads\/2025\/04\/IMG_E8927-1536x1152.jpg 1536w, https:\/\/agriturismopaneevino.it\/wp-content\/uploads\/2025\/04\/IMG_E8927-2048x1536.jpg 2048w\" sizes=\"auto, (max-width: 2560px) 100vw, 2560px\" \/><\/figure><\/div><div class=\"wp-block-getwid-images-slider__item\"><figure><img loading=\"lazy\" decoding=\"async\" width=\"550\" height=\"380\" src=\"https:\/\/agriturismopaneevino.it\/wp-content\/uploads\/2023\/11\/olio-extravergine-bio.jpg\" data-id=\"138\" data-link=\"https:\/\/agriturismopaneevino.it\/olio-extravergine-bio\/\" data-original-link=\"https:\/\/agriturismopaneevino.it\/wp-content\/uploads\/2023\/11\/olio-extravergine-bio.jpg\" class=\"wp-block-getwid-images-slider__image wp-image-138\" srcset=\"https:\/\/agriturismopaneevino.it\/wp-content\/uploads\/2023\/11\/olio-extravergine-bio.jpg 550w, https:\/\/agriturismopaneevino.it\/wp-content\/uploads\/2023\/11\/olio-extravergine-bio-300x207.jpg 300w\" sizes=\"auto, (max-width: 550px) 100vw, 550px\" \/><\/figure><\/div><div class=\"wp-block-getwid-images-slider__item\"><figure><img loading=\"lazy\" decoding=\"async\" width=\"400\" height=\"500\" src=\"https:\/\/agriturismopaneevino.it\/wp-content\/uploads\/2024\/02\/agriturismo-natura-toscana-1.jpg\" data-id=\"269\" data-link=\"https:\/\/agriturismopaneevino.it\/agriturismo-natura-toscana-1\/\" data-original-link=\"https:\/\/agriturismopaneevino.it\/wp-content\/uploads\/2024\/02\/agriturismo-natura-toscana-1.jpg\" class=\"wp-block-getwid-images-slider__image wp-image-269\" srcset=\"https:\/\/agriturismopaneevino.it\/wp-content\/uploads\/2024\/02\/agriturismo-natura-toscana-1.jpg 400w, https:\/\/agriturismopaneevino.it\/wp-content\/uploads\/2024\/02\/agriturismo-natura-toscana-1-240x300.jpg 240w\" sizes=\"auto, (max-width: 400px) 100vw, 400px\" \/><\/figure><\/div><\/div><\/div>\n<\/div><\/div><\/div><\/div><\/div>\n","protected":false},"excerpt":{"rendered":"<p>Il territorio dove si trova l\u2019Agriturismo Pane e Vino \u00e8 luogo ideale per la coltivazione &#8230; <\/p>\n<div class=\"text-center\"><a class=\"theme-btn\" href=\"https:\/\/agriturismopaneevino.it\/index.php\/olio\/\">Read More<\/a><\/div>\n","protected":false},"author":1,"featured_media":0,"parent":0,"menu_order":0,"comment_status":"closed","ping_status":"closed","template":"","meta":{"_monsterinsights_skip_tracking":false,"_monsterinsights_sitenote_active":false,"_monsterinsights_sitenote_note":"","_monsterinsights_sitenote_category":0,"ngg_post_thumbnail":0,"footnotes":""},"class_list":["post-165","page","type-page","status-publish","hentry"],"_links":{"self":[{"href":"https:\/\/agriturismopaneevino.it\/index.php\/wp-json\/wp\/v2\/pages\/165","targetHints":{"allow":["GET"]}}],"collection":[{"href":"https:\/\/agriturismopaneevino.it\/index.php\/wp-json\/wp\/v2\/pages"}],"about":[{"href":"https:\/\/agriturismopaneevino.it\/index.php\/wp-json\/wp\/v2\/types\/page"}],"author":[{"embeddable":true,"href":"https:\/\/agriturismopaneevino.it\/index.php\/wp-json\/wp\/v2\/users\/1"}],"replies":[{"embeddable":true,"href":"https:\/\/agriturismopaneevino.it\/index.php\/wp-json\/wp\/v2\/comments?post=165"}],"version-history":[{"count":0,"href":"https:\/\/agriturismopaneevino.it\/index.php\/wp-json\/wp\/v2\/pages\/165\/revisions"}],"wp:attachment":[{"href":"https:\/\/agriturismopaneevino.it\/index.php\/wp-json\/wp\/v2\/media?parent=165"}],"curies":[{"name":"wp","href":"https:\/\/api.w.org\/{rel}","templated":true}]}}